{"id":1138,"date":"2025-03-16T11:21:05","date_gmt":"2025-03-16T11:21:05","guid":{"rendered":"https:\/\/www.made-in-slovakia.com\/?page_id=1138"},"modified":"2025-05-31T18:01:23","modified_gmt":"2025-05-31T18:01:23","slug":"nase-fenky","status":"publish","type":"page","link":"https:\/\/www.made-in-slovakia.com\/?page_id=1138","title":{"rendered":"NOVINKY"},"content":{"rendered":"\t\t<div data-elementor-type=\"wp-page\" data-elementor-id=\"1138\" class=\"elementor elementor-1138\">\n\t\t\t\t<div class=\"elementor-element elementor-element-6a77f24 e-flex e-con-boxed e-con e-parent\" data-id=\"6a77f24\" data-element_type=\"container\" data-settings=\"{&quot;animation_mobile&quot;:&quot;lightSpeedIn&quot;}\">\n\t\t\t\t\t<div class=\"e-con-inner\">\n\t\t\t\t<div class=\"elementor-element elementor-element-42ba375 elementor-widget elementor-widget-heading\" data-id=\"42ba375\" data-element_type=\"widget\" data-widget_type=\"heading.default\">\n\t\t\t\t<div class=\"elementor-widget-container\">\n\t\t\t\t\t<h2 class=\"elementor-heading-title elementor-size-default\">NOVINKY<\/h2>\t\t\t\t<\/div>\n\t\t\t\t<\/div>\n\t\t\t\t\t<\/div>\n\t\t\t\t<\/div>\n\t\t<div class=\"elementor-element elementor-element-036c87f e-flex e-con-boxed e-con e-parent\" data-id=\"036c87f\" data-element_type=\"container\">\n\t\t\t\t\t<div class=\"e-con-inner\">\n\t\t\t\t<div class=\"elementor-element elementor-element-d329e4d elementor-widget elementor-widget-heading\" data-id=\"d329e4d\" data-element_type=\"widget\" data-widget_type=\"heading.default\">\n\t\t\t\t<div class=\"elementor-widget-container\">\n\t\t\t\t\t<h2 class=\"elementor-heading-title elementor-size-default\">31.5.2025 -  VRH \u201eA\u201c 5 t\u00fd\u017ed\u0148ov, prezenta\u010dn\u00e9 video <\/h2>\t\t\t\t<\/div>\n\t\t\t\t<\/div>\n\t\t\t\t\t<\/div>\n\t\t\t\t<\/div>\n\t\t<div class=\"elementor-element elementor-element-8b3c50d e-flex e-con-boxed e-con e-parent\" data-id=\"8b3c50d\" data-element_type=\"container\">\n\t\t\t\t\t<div class=\"e-con-inner\">\n\t\t\t\t<div class=\"elementor-element elementor-element-bafdfb8 elementor-widget elementor-widget-video\" data-id=\"bafdfb8\" data-element_type=\"widget\" data-settings=\"{&quot;video_type&quot;:&quot;hosted&quot;,&quot;controls&quot;:&quot;yes&quot;}\" data-widget_type=\"video.default\">\n\t\t\t\t<div class=\"elementor-widget-container\">\n\t\t\t\t\t\t\t<div class=\"e-hosted-video elementor-wrapper elementor-open-inline\">\n\t\t\t\t\t<video class=\"elementor-video\" src=\"http:\/\/www.made-in-slovakia.com\/wp-content\/uploads\/2025\/05\/InShot_20250531_182313246.mp4\" controls=\"\" preload=\"metadata\" controlsList=\"nodownload\"><\/video>\n\t\t\t\t<\/div>\n\t\t\t\t\t\t<\/div>\n\t\t\t\t<\/div>\n\t\t\t\t\t<\/div>\n\t\t\t\t<\/div>\n\t\t<div class=\"elementor-element elementor-element-1e311ee e-flex e-con-boxed e-con e-parent\" data-id=\"1e311ee\" data-element_type=\"container\">\n\t\t\t\t\t<div class=\"e-con-inner\">\n\t\t\t\t<div class=\"elementor-element elementor-element-70e2bb5 elementor-widget elementor-widget-heading\" data-id=\"70e2bb5\" data-element_type=\"widget\" data-widget_type=\"heading.default\">\n\t\t\t\t<div class=\"elementor-widget-container\">\n\t\t\t\t\t<h2 class=\"elementor-heading-title elementor-size-default\">21.5.2025 -  VRH \u201eA\u201c 4 t\u00fd\u017edne, prezenta\u010dn\u00e9 video <\/h2>\t\t\t\t<\/div>\n\t\t\t\t<\/div>\n\t\t\t\t\t<\/div>\n\t\t\t\t<\/div>\n\t\t<div class=\"elementor-element elementor-element-b44be41 e-flex e-con-boxed e-con e-parent\" data-id=\"b44be41\" data-element_type=\"container\">\n\t\t\t\t\t<div class=\"e-con-inner\">\n\t\t\t\t<div class=\"elementor-element elementor-element-9a44c8b elementor-widget elementor-widget-video\" data-id=\"9a44c8b\" data-element_type=\"widget\" data-settings=\"{&quot;video_type&quot;:&quot;hosted&quot;,&quot;controls&quot;:&quot;yes&quot;}\" data-widget_type=\"video.default\">\n\t\t\t\t<div class=\"elementor-widget-container\">\n\t\t\t\t\t\t\t<div class=\"e-hosted-video elementor-wrapper elementor-open-inline\">\n\t\t\t\t\t<video class=\"elementor-video\" src=\"http:\/\/www.made-in-slovakia.com\/wp-content\/uploads\/2025\/05\/InShot_20250525_120204840.mp4\" controls=\"\" preload=\"metadata\" controlsList=\"nodownload\"><\/video>\n\t\t\t\t<\/div>\n\t\t\t\t\t\t<\/div>\n\t\t\t\t<\/div>\n\t\t\t\t\t<\/div>\n\t\t\t\t<\/div>\n\t\t<div class=\"elementor-element elementor-element-e836704 e-flex e-con-boxed e-con e-parent\" data-id=\"e836704\" data-element_type=\"container\">\n\t\t\t\t\t<div class=\"e-con-inner\">\n\t\t\t\t<div class=\"elementor-element elementor-element-300c7d1 elementor-widget elementor-widget-heading\" data-id=\"300c7d1\" data-element_type=\"widget\" data-widget_type=\"heading.default\">\n\t\t\t\t<div class=\"elementor-widget-container\">\n\t\t\t\t\t<h2 class=\"elementor-heading-title elementor-size-default\">23.4.2025 - VRH   \u201eA\u201c 3 t\u00fd\u017edne, prezenta\u010dn\u00e9 video<\/h2>\t\t\t\t<\/div>\n\t\t\t\t<\/div>\n\t\t\t\t\t<\/div>\n\t\t\t\t<\/div>\n\t\t<div class=\"elementor-element elementor-element-da92954 e-flex e-con-boxed e-con e-parent\" data-id=\"da92954\" data-element_type=\"container\">\n\t\t\t\t\t<div class=\"e-con-inner\">\n\t\t<div class=\"elementor-element elementor-element-3fd09c1 e-con-full e-flex e-con e-child\" data-id=\"3fd09c1\" data-element_type=\"container\">\n\t\t\t\t<div class=\"elementor-element elementor-element-8338183 elementor-widget elementor-widget-image\" data-id=\"8338183\" data-element_type=\"widget\" data-widget_type=\"image.default\">\n\t\t\t\t<div class=\"elementor-widget-container\">\n\t\t\t\t\t\t\t\t\t\t\t\t\t\t\t<img fetchpriority=\"high\" decoding=\"async\" width=\"724\" height=\"1024\" src=\"https:\/\/www.made-in-slovakia.com\/wp-content\/uploads\/2025\/04\/IMG-20250423-WA0055-724x1024.jpg\" class=\"attachment-large size-large wp-image-2257\" alt=\"\" srcset=\"https:\/\/www.made-in-slovakia.com\/wp-content\/uploads\/2025\/04\/IMG-20250423-WA0055-724x1024.jpg 724w, https:\/\/www.made-in-slovakia.com\/wp-content\/uploads\/2025\/04\/IMG-20250423-WA0055-212x300.jpg 212w, https:\/\/www.made-in-slovakia.com\/wp-content\/uploads\/2025\/04\/IMG-20250423-WA0055-768x1086.jpg 768w, https:\/\/www.made-in-slovakia.com\/wp-content\/uploads\/2025\/04\/IMG-20250423-WA0055.jpg 905w\" sizes=\"(max-width: 724px) 100vw, 724px\" \/>\t\t\t\t\t\t\t\t\t\t\t\t\t\t\t<\/div>\n\t\t\t\t<\/div>\n\t\t\t\t<\/div>\n\t\t<div class=\"elementor-element elementor-element-ebd8821 e-con-full e-flex e-con e-child\" data-id=\"ebd8821\" data-element_type=\"container\">\n\t\t\t\t<div class=\"elementor-element elementor-element-e1d4c04 elementor-widget elementor-widget-video\" data-id=\"e1d4c04\" data-element_type=\"widget\" data-settings=\"{&quot;video_type&quot;:&quot;hosted&quot;,&quot;controls&quot;:&quot;yes&quot;}\" data-widget_type=\"video.default\">\n\t\t\t\t<div class=\"elementor-widget-container\">\n\t\t\t\t\t\t\t<div class=\"e-hosted-video elementor-wrapper elementor-open-inline\">\n\t\t\t\t\t<video class=\"elementor-video\" src=\"http:\/\/www.made-in-slovakia.com\/wp-content\/uploads\/2025\/05\/InShot_20250518_125829000.mp4\" controls=\"\" preload=\"metadata\" controlsList=\"nodownload\"><\/video>\n\t\t\t\t<\/div>\n\t\t\t\t\t\t<\/div>\n\t\t\t\t<\/div>\n\t\t\t\t<\/div>\n\t\t\t\t\t<\/div>\n\t\t\t\t<\/div>\n\t\t<div class=\"elementor-element elementor-element-19f2d27 e-flex e-con-boxed e-con e-parent\" data-id=\"19f2d27\" data-element_type=\"container\">\n\t\t\t\t\t<div class=\"e-con-inner\">\n\t\t\t\t<div class=\"elementor-element elementor-element-3a69247 elementor-widget elementor-widget-text-editor\" data-id=\"3a69247\" data-element_type=\"widget\" data-widget_type=\"text-editor.default\">\n\t\t\t\t<div class=\"elementor-widget-container\">\n\t\t\t\t\t\t\t\t\t<p>31.12.2024 &#8211; Dosiahnut\u00e9 \u00faspechy za posledn\u00e9 3 roky. Viac v sekcii <span style=\"color: #ff0000;\"><a style=\"color: #ff0000;\" href=\"https:\/\/www.made-in-slovakia.com\/?page_id=1357\"><span style=\"color: #ffff00;\">V\u00ddSTAVN\u00c9 \u00daSPECHY<\/span><\/a><\/span><\/p>\t\t\t\t\t\t\t\t<\/div>\n\t\t\t\t<\/div>\n\t\t\t\t\t<\/div>\n\t\t\t\t<\/div>\n\t\t<div class=\"elementor-element elementor-element-86e9f48 e-flex e-con-boxed e-con e-parent\" data-id=\"86e9f48\" data-element_type=\"container\">\n\t\t\t\t\t<div class=\"e-con-inner\">\n\t\t\t\t<div class=\"elementor-element elementor-element-10ffdf8 elementor-widget elementor-widget-image\" data-id=\"10ffdf8\" data-element_type=\"widget\" data-widget_type=\"image.default\">\n\t\t\t\t<div class=\"elementor-widget-container\">\n\t\t\t\t\t\t\t\t\t\t\t\t\t\t\t<img decoding=\"async\" width=\"1024\" height=\"724\" src=\"https:\/\/www.made-in-slovakia.com\/wp-content\/uploads\/2024\/10\/ALARMA-2024-individ-FINAL-1024x724.jpg\" class=\"attachment-large size-large wp-image-54\" alt=\"\" srcset=\"https:\/\/www.made-in-slovakia.com\/wp-content\/uploads\/2024\/10\/ALARMA-2024-individ-FINAL-1024x724.jpg 1024w, https:\/\/www.made-in-slovakia.com\/wp-content\/uploads\/2024\/10\/ALARMA-2024-individ-FINAL-300x212.jpg 300w, https:\/\/www.made-in-slovakia.com\/wp-content\/uploads\/2024\/10\/ALARMA-2024-individ-FINAL-768x543.jpg 768w, https:\/\/www.made-in-slovakia.com\/wp-content\/uploads\/2024\/10\/ALARMA-2024-individ-FINAL-1536x1086.jpg 1536w, https:\/\/www.made-in-slovakia.com\/wp-content\/uploads\/2024\/10\/ALARMA-2024-individ-FINAL-2048x1448.jpg 2048w\" sizes=\"(max-width: 1024px) 100vw, 1024px\" \/>\t\t\t\t\t\t\t\t\t\t\t\t\t\t\t<\/div>\n\t\t\t\t<\/div>\n\t\t\t\t\t<\/div>\n\t\t\t\t<\/div>\n\t\t\t\t<\/div>\n\t\t","protected":false},"excerpt":{"rendered":"<p>NOVINKY 31.5.2025 &#8211; VRH \u201eA\u201c 5 t\u00fd\u017ed\u0148ov, prezenta\u010dn\u00e9 video http:\/\/www.made-in-slovakia.com\/wp-content\/uploads\/2025\/05\/InShot_20250531_182313246.mp4 21.5.2025 &#8211; VRH \u201eA\u201c 4 t\u00fd\u017edne, prezenta\u010dn\u00e9 video http:\/\/www.made-in-slovakia.com\/wp-content\/uploads\/2025\/05\/InShot_20250525_120204840.mp4 23.4.2025 &#8211; VRH \u201eA\u201c 3 t\u00fd\u017edne, prezenta\u010dn\u00e9 video http:\/\/www.made-in-slovakia.com\/wp-content\/uploads\/2025\/05\/InShot_20250518_125829000.mp4 31.12.2024 &#8211; Dosiahnut\u00e9 \u00faspechy za posledn\u00e9 3 roky. Viac v sekcii V\u00ddSTAVN\u00c9 \u00daSPECHY<\/p>\n","protected":false},"author":1,"featured_media":0,"parent":0,"menu_order":0,"comment_status":"closed","ping_status":"closed","template":"","meta":{"ocean_post_layout":"","ocean_both_sidebars_style":"","ocean_both_sidebars_content_width":0,"ocean_both_sidebars_sidebars_width":0,"ocean_sidebar":"","ocean_second_sidebar":"","ocean_disable_margins":"enable","ocean_add_body_class":"","ocean_shortcode_before_top_bar":"","ocean_shortcode_after_top_bar":"","ocean_shortcode_before_header":"","ocean_shortcode_after_header":"","ocean_has_shortcode":"","ocean_shortcode_after_title":"","ocean_shortcode_before_footer_widgets":"","ocean_shortcode_after_footer_widgets":"","ocean_shortcode_before_footer_bottom":"","ocean_shortcode_after_footer_bottom":"","ocean_display_top_bar":"default","ocean_display_header":"default","ocean_header_style":"","ocean_center_header_left_menu":"","ocean_custom_header_template":"","ocean_custom_logo":0,"ocean_custom_retina_logo":0,"ocean_custom_logo_max_width":0,"ocean_custom_logo_tablet_max_width":0,"ocean_custom_logo_mobile_max_width":0,"ocean_custom_logo_max_height":0,"ocean_custom_logo_tablet_max_height":0,"ocean_custom_logo_mobile_max_height":0,"ocean_header_custom_menu":"","ocean_menu_typo_font_family":"","ocean_menu_typo_font_subset":"","ocean_menu_typo_font_size":0,"ocean_menu_typo_font_size_tablet":0,"ocean_menu_typo_font_size_mobile":0,"ocean_menu_typo_font_size_unit":"px","ocean_menu_typo_font_weight":"","ocean_menu_typo_font_weight_tablet":"","ocean_menu_typo_font_weight_mobile":"","ocean_menu_typo_transform":"","ocean_menu_typo_transform_tablet":"","ocean_menu_typo_transform_mobile":"","ocean_menu_typo_line_height":0,"ocean_menu_typo_line_height_tablet":0,"ocean_menu_typo_line_height_mobile":0,"ocean_menu_typo_line_height_unit":"","ocean_menu_typo_spacing":0,"ocean_menu_typo_spacing_tablet":0,"ocean_menu_typo_spacing_mobile":0,"ocean_menu_typo_spacing_unit":"","ocean_menu_link_color":"","ocean_menu_link_color_hover":"","ocean_menu_link_color_active":"","ocean_menu_link_background":"","ocean_menu_link_hover_background":"","ocean_menu_link_active_background":"","ocean_menu_social_links_bg":"","ocean_menu_social_hover_links_bg":"","ocean_menu_social_links_color":"","ocean_menu_social_hover_links_color":"","ocean_disable_title":"default","ocean_disable_heading":"default","ocean_post_title":"","ocean_post_subheading":"","ocean_post_title_style":"","ocean_post_title_background_color":"","ocean_post_title_background":0,"ocean_post_title_bg_image_position":"","ocean_post_title_bg_image_attachment":"","ocean_post_title_bg_image_repeat":"","ocean_post_title_bg_image_size":"","ocean_post_title_height":0,"ocean_post_title_bg_overlay":0.5,"ocean_post_title_bg_overlay_color":"","ocean_disable_breadcrumbs":"default","ocean_breadcrumbs_color":"","ocean_breadcrumbs_separator_color":"","ocean_breadcrumbs_links_color":"","ocean_breadcrumbs_links_hover_color":"","ocean_display_footer_widgets":"default","ocean_display_footer_bottom":"default","ocean_custom_footer_template":"","footnotes":""},"class_list":["post-1138","page","type-page","status-publish","hentry","entry"],"_links":{"self":[{"href":"https:\/\/www.made-in-slovakia.com\/index.php?rest_route=\/wp\/v2\/pages\/1138","targetHints":{"allow":["GET"]}}],"collection":[{"href":"https:\/\/www.made-in-slovakia.com\/index.php?rest_route=\/wp\/v2\/pages"}],"about":[{"href":"https:\/\/www.made-in-slovakia.com\/index.php?rest_route=\/wp\/v2\/types\/page"}],"author":[{"embeddable":true,"href":"https:\/\/www.made-in-slovakia.com\/index.php?rest_route=\/wp\/v2\/users\/1"}],"replies":[{"embeddable":true,"href":"https:\/\/www.made-in-slovakia.com\/index.php?rest_route=%2Fwp%2Fv2%2Fcomments&post=1138"}],"version-history":[{"count":41,"href":"https:\/\/www.made-in-slovakia.com\/index.php?rest_route=\/wp\/v2\/pages\/1138\/revisions"}],"predecessor-version":[{"id":2472,"href":"https:\/\/www.made-in-slovakia.com\/index.php?rest_route=\/wp\/v2\/pages\/1138\/revisions\/2472"}],"wp:attachment":[{"href":"https:\/\/www.made-in-slovakia.com\/index.php?rest_route=%2Fwp%2Fv2%2Fmedia&parent=1138"}],"curies":[{"name":"wp","href":"https:\/\/api.w.org\/{rel}","templated":true}]}}